{"id":1179,"date":"2025-09-22T08:35:16","date_gmt":"2025-09-22T08:35:16","guid":{"rendered":"https:\/\/www.pea600.com\/?page_id=1179"},"modified":"2025-09-22T08:36:45","modified_gmt":"2025-09-22T08:36:45","slug":"faq","status":"publish","type":"page","link":"https:\/\/www.pea600.com\/?page_id=1179","title":{"rendered":"FAQ"},"content":{"rendered":"<div class=\"fusion-fullwidth fullwidth-box fusion-builder-row-1 fusion-flex-container has-pattern-background has-mask-background nonhundred-percent-fullwidth non-hundred-percent-height-scrolling\" style=\"--awb-border-radius-top-left:0px;--awb-border-radius-top-right:0px;--awb-border-radius-bottom-right:0px;--awb-border-radius-bottom-left:0px;--awb-flex-wrap:wrap;\" ><div class=\"fusion-builder-row fusion-row fusion-flex-align-items-flex-start fusion-flex-content-wrap\" style=\"max-width:1216.8px;margin-left: calc(-4% \/ 2 );margin-right: calc(-4% \/ 2 );\"><div class=\"fusion-layout-column fusion_builder_column fusion-builder-column-0 fusion_builder_column_1_1 1_1 fusion-flex-column\" style=\"--awb-bg-size:cover;--awb-width-large:100%;--awb-margin-top-large:15px;--awb-spacing-right-large:1.92%;--awb-margin-bottom-large:15px;--awb-spacing-left-large:1.92%;--awb-width-medium:100%;--awb-order-medium:0;--awb-spacing-right-medium:1.92%;--awb-spacing-left-medium:1.92%;--awb-width-small:100%;--awb-order-small:0;--awb-spacing-right-small:1.92%;--awb-spacing-left-small:1.92%;\"><div class=\"fusion-column-wrapper fusion-column-has-shadow fusion-flex-justify-content-flex-start fusion-content-layout-column\"><div class=\"fusion-title title fusion-title-1 fusion-sep-none fusion-title-text fusion-title-size-one\" style=\"--awb-margin-top-small:0px;--awb-margin-right-small:0px;--awb-margin-bottom-small:20px;--awb-margin-left-small:0px;\"><h1 class=\"fusion-title-heading title-heading-left fusion-responsive-typography-calculated\" style=\"margin:0;text-transform:none;--fontSize:56;line-height:var(--awb-typography1-line-height);\"><p style=\"text-align: center;\">Naj\u010de\u0161\u0107e postavljana pitanja<\/p><\/h1><\/div><style type=\"text\/css\">.fusion-faqs-wrapper #accordian-1 .fusion-panel { border-color:var(--awb-color3); }.fusion-faqs-wrapper #accordian-1 .fusion-panel:hover{ border-color: var(--awb-color3); }.fusion-accordian #accordian-1 .panel-title a .fa-fusion-box:before{ font-size: 16px;width: 16px;}.fusion-accordian #accordian-1 .panel-title a .fa-fusion-box{ color: var(--awb-color1);}.fusion-accordian  #accordian-1 .panel-title a{font-family:var(--awb-typography1-font-family);font-weight:var(--awb-typography1-font-weight);font-style:var(--awb-typography1-font-style);}.fusion-accordian  #accordian-1 .panel-title a:not(:hover){}.fusion-accordian  #accordian-1 .toggle-content{font-family:var(--awb-typography4-font-family);font-weight:var(--awb-typography4-font-weight);font-style:var(--awb-typography4-font-style);}.fusion-accordian #accordian-1 .fa-fusion-box { background-color: var(--awb-color7) !important;border-color: var(--awb-color7) !important;}.fusion-accordian #accordian-1 .panel-title a:hover,.fusion-accordian #accordian-1 .panel-title a.hover { color: var(--awb-color4);}.fusion-faq-shortcode .fusion-accordian #accordian-1 .fusion-toggle-boxed-mode:hover .panel-title a { color: var(--awb-color4);}.fusion-accordian #accordian-1 .panel-title .active .fa-fusion-box,.fusion-accordian #accordian-1 .panel-title a:hover .fa-fusion-box,.fusion-accordian #accordian-1 .panel-title a.hover .fa-fusion-box { background-color: var(--awb-color4)!important;border-color: var(--awb-color4)!important;}<\/style><div class=\"fusion-faq-shortcode\" style=\"\"><div class=\"fusion-faqs-wrapper\"><div class=\"accordian fusion-accordian\"><div class=\"panel-group \" id=\"accordian-1\"><div class=\"fusion-panel panel-default fusion-faq-post fusion-faq-post-1191 \"><span class=\"entry-title rich-snippet-hidden\">Kako se koristi PEA i koliko \u010desto treba da je pijem?<\/span><span class=\"vcard rich-snippet-hidden\"><span class=\"fn\"><a href=\"https:\/\/www.pea600.com\/?author=1\" title=\"Posts by admin\" rel=\"author\">admin<\/a><\/span><\/span><span class=\"updated rich-snippet-hidden\">2025-11-24T14:00:28+00:00<\/span><div class=\"panel-heading\"><h4 id=\"faq_1-1191\" class=\"panel-title toggle\"><a data-toggle=\"collapse\" class=\"collapsed\" data-parent=\"#accordian-1\" data-target=\"#collapse-1-1191\" href=\"#collapse-1-1191\" aria-expanded=\"false\"><div class=\"fusion-toggle-icon-wrapper\"><div class=\"fusion-toggle-icon-wrapper-main\"><div class=\"fusion-toggle-icon-wrapper-sub\"><i class=\"fa-fusion-box active-icon awb-icon-minus\" aria-hidden=\"true\"><\/i><i class=\"fa-fusion-box inactive-icon awb-icon-plus\" aria-hidden=\"true\"><\/i><\/div><\/div><\/div><div class=\"fusion-toggle-heading\">Kako se koristi PEA i koliko \u010desto treba da je pijem?<\/div><\/a><\/h4><\/div><div id=\"collapse-1-1191\" aria-labelledby=\"faq_1-1191\" class=\"panel-collapse collapse\"><div class=\"panel-body toggle-content post-content\"><div>\n<div>PEA600 se uzima jednom dnevno, ali u zavisnosti od ja\u010dine bola doza se mo\u017ee pove\u0107ati na dve kesice dnevno, \u0161to je i maksimalno preporu\u010dena doza. Kesica je u vidu direkt forme i koristi se tako \u0161to se sadr\u017eaj kesice rastopi direktno u ustima.<\/div>\n<\/div>\n<div><\/div>\n<\/div><\/div><\/div><div class=\"fusion-panel panel-default fusion-faq-post fusion-faq-post-1176 \"><span class=\"entry-title rich-snippet-hidden\">Da li PEA600 izaziva zavisnost?<\/span><span class=\"vcard rich-snippet-hidden\"><span class=\"fn\"><a href=\"https:\/\/www.pea600.com\/?author=1\" title=\"Posts by admin\" rel=\"author\">admin<\/a><\/span><\/span><span class=\"updated rich-snippet-hidden\">2025-09-22T08:34:35+00:00<\/span><div class=\"panel-heading\"><h4 id=\"faq_1-1176\" class=\"panel-title toggle\"><a data-toggle=\"collapse\" class=\"collapsed\" data-parent=\"#accordian-1\" data-target=\"#collapse-1-1176\" href=\"#collapse-1-1176\" aria-expanded=\"false\"><div class=\"fusion-toggle-icon-wrapper\"><div class=\"fusion-toggle-icon-wrapper-main\"><div class=\"fusion-toggle-icon-wrapper-sub\"><i class=\"fa-fusion-box active-icon awb-icon-minus\" aria-hidden=\"true\"><\/i><i class=\"fa-fusion-box inactive-icon awb-icon-plus\" aria-hidden=\"true\"><\/i><\/div><\/div><\/div><div class=\"fusion-toggle-heading\">Da li PEA600 izaziva zavisnost?<\/div><\/a><\/h4><\/div><div id=\"collapse-1-1176\" aria-labelledby=\"faq_1-1176\" class=\"panel-collapse collapse\"><div class=\"panel-body toggle-content post-content\"><div>NE. PEA600 ne deluje na opioidne\u00a0receptore\u00a0i ne izaziva zavisnost, \u0161to ga \u010dini bezbednom alternativom\u00a0za upravljanje bolom kod dugotrajne upotrebe.<\/div>\n<div><\/div>\n<\/div><\/div><\/div><div class=\"fusion-panel panel-default fusion-faq-post fusion-faq-post-1173 \"><span class=\"entry-title rich-snippet-hidden\">Da li je PEA600 prirodan proizvod?<\/span><span class=\"vcard rich-snippet-hidden\"><span class=\"fn\"><a href=\"https:\/\/www.pea600.com\/?author=1\" title=\"Posts by admin\" rel=\"author\">admin<\/a><\/span><\/span><span class=\"updated rich-snippet-hidden\">2025-09-22T08:34:22+00:00<\/span><div class=\"panel-heading\"><h4 id=\"faq_1-1173\" class=\"panel-title toggle\"><a data-toggle=\"collapse\" class=\"collapsed\" data-parent=\"#accordian-1\" data-target=\"#collapse-1-1173\" href=\"#collapse-1-1173\" aria-expanded=\"false\"><div class=\"fusion-toggle-icon-wrapper\"><div class=\"fusion-toggle-icon-wrapper-main\"><div class=\"fusion-toggle-icon-wrapper-sub\"><i class=\"fa-fusion-box active-icon awb-icon-minus\" aria-hidden=\"true\"><\/i><i class=\"fa-fusion-box inactive-icon awb-icon-plus\" aria-hidden=\"true\"><\/i><\/div><\/div><\/div><div class=\"fusion-toggle-heading\">Da li je PEA600 prirodan proizvod?<\/div><\/a><\/h4><\/div><div id=\"collapse-1-1173\" aria-labelledby=\"faq_1-1173\" class=\"panel-collapse collapse\"><div class=\"panel-body toggle-content post-content\"><p>Da, PEA (palmitoiletanolamid) je prirodna supstanca koja se proizvodi u telu kao odgovor na upalu ili bol. PEA600 je dodatak koji sadr\u017ei \u010distu, mikronizovanu formu PEA, \u0161to omogu\u0107ava bolju apsorpciju i efikasnost.<\/p>\n<\/div><\/div><\/div><div class=\"fusion-panel panel-default fusion-faq-post fusion-faq-post-1170 \"><span class=\"entry-title rich-snippet-hidden\">Da li se PEA600 mo\u017ee kombinovati sa drugim lekovima?<\/span><span class=\"vcard rich-snippet-hidden\"><span class=\"fn\"><a href=\"https:\/\/www.pea600.com\/?author=1\" title=\"Posts by admin\" rel=\"author\">admin<\/a><\/span><\/span><span class=\"updated rich-snippet-hidden\">2025-09-22T08:34:10+00:00<\/span><div class=\"panel-heading\"><h4 id=\"faq_1-1170\" class=\"panel-title toggle\"><a data-toggle=\"collapse\" class=\"collapsed\" data-parent=\"#accordian-1\" data-target=\"#collapse-1-1170\" href=\"#collapse-1-1170\" aria-expanded=\"false\"><div class=\"fusion-toggle-icon-wrapper\"><div class=\"fusion-toggle-icon-wrapper-main\"><div class=\"fusion-toggle-icon-wrapper-sub\"><i class=\"fa-fusion-box active-icon awb-icon-minus\" aria-hidden=\"true\"><\/i><i class=\"fa-fusion-box inactive-icon awb-icon-plus\" aria-hidden=\"true\"><\/i><\/div><\/div><\/div><div class=\"fusion-toggle-heading\">Da li se PEA600 mo\u017ee kombinovati sa drugim lekovima?<\/div><\/a><\/h4><\/div><div id=\"collapse-1-1170\" aria-labelledby=\"faq_1-1170\" class=\"panel-collapse collapse\"><div class=\"panel-body toggle-content post-content\"><div>PEA ima odli\u010dan bezbedonosni\u00a0profil, ne ulazi u interakcije sa drugim lekovima i mo\u017ee se kombinovati sa va\u0161om standardnom terapijom.<\/div>\n<div><\/div>\n<\/div><\/div><\/div><div class=\"fusion-panel panel-default fusion-faq-post fusion-faq-post-1168 \"><span class=\"entry-title rich-snippet-hidden\">Kada mogu o\u010dekivati prve rezultate?<\/span><span class=\"vcard rich-snippet-hidden\"><span class=\"fn\"><a href=\"https:\/\/www.pea600.com\/?author=1\" title=\"Posts by admin\" rel=\"author\">admin<\/a><\/span><\/span><span class=\"updated rich-snippet-hidden\">2025-09-22T08:33:56+00:00<\/span><div class=\"panel-heading\"><h4 id=\"faq_1-1168\" class=\"panel-title toggle\"><a data-toggle=\"collapse\" class=\"collapsed\" data-parent=\"#accordian-1\" data-target=\"#collapse-1-1168\" href=\"#collapse-1-1168\" aria-expanded=\"false\"><div class=\"fusion-toggle-icon-wrapper\"><div class=\"fusion-toggle-icon-wrapper-main\"><div class=\"fusion-toggle-icon-wrapper-sub\"><i class=\"fa-fusion-box active-icon awb-icon-minus\" aria-hidden=\"true\"><\/i><i class=\"fa-fusion-box inactive-icon awb-icon-plus\" aria-hidden=\"true\"><\/i><\/div><\/div><\/div><div class=\"fusion-toggle-heading\">Kada mogu o\u010dekivati prve rezultate?<\/div><\/a><\/h4><\/div><div id=\"collapse-1-1168\" aria-labelledby=\"faq_1-1168\" class=\"panel-collapse collapse\"><div class=\"panel-body toggle-content post-content\"><p>Mnogi korisnici osete pobolj\u0161anje u roku od 1- 4 nedelje redovnog kori\u0161\u0107enja, u zavisnosti od vrste i intenziteta tegoba, ali se procena efekta mo\u017ee raditi tek posle minimalno 3-6 meseci redovne upotrebe.<\/p>\n<\/div><\/div><\/div><div class=\"fusion-panel panel-default fusion-faq-post fusion-faq-post-1165 \"><span class=\"entry-title rich-snippet-hidden\">Koliko dugo smem da pijem PEA600?<\/span><span class=\"vcard rich-snippet-hidden\"><span class=\"fn\"><a href=\"https:\/\/www.pea600.com\/?author=1\" title=\"Posts by admin\" rel=\"author\">admin<\/a><\/span><\/span><span class=\"updated rich-snippet-hidden\">2025-09-22T08:33:41+00:00<\/span><div class=\"panel-heading\"><h4 id=\"faq_1-1165\" class=\"panel-title toggle\"><a data-toggle=\"collapse\" class=\"collapsed\" data-parent=\"#accordian-1\" data-target=\"#collapse-1-1165\" href=\"#collapse-1-1165\" aria-expanded=\"false\"><div class=\"fusion-toggle-icon-wrapper\"><div class=\"fusion-toggle-icon-wrapper-main\"><div class=\"fusion-toggle-icon-wrapper-sub\"><i class=\"fa-fusion-box active-icon awb-icon-minus\" aria-hidden=\"true\"><\/i><i class=\"fa-fusion-box inactive-icon awb-icon-plus\" aria-hidden=\"true\"><\/i><\/div><\/div><\/div><div class=\"fusion-toggle-heading\">Koliko dugo smem da pijem PEA600?<\/div><\/a><\/h4><\/div><div id=\"collapse-1-1165\" aria-labelledby=\"faq_1-1165\" class=\"panel-collapse collapse\"><div class=\"panel-body toggle-content post-content\"><p>Brojne studije su pokazale da je PEA prirodna supstanca koju telo ve\u0107 proizvodi i da ima odli\u010dan bezbedonosni\u00a0profil \u010dak i pri dugotrajnoj upotrebi. Preporu\u010duje se najmanje 3-6 meseci redovne upotrebe za procenu efekta, a u nekim slu\u010dajevima i dugotrajna terapija.<\/p>\n<\/div><\/div><\/div><\/div><\/div><\/div><\/div><\/div><\/div><\/div><\/div>\n","protected":false},"excerpt":{"rendered":"","protected":false},"author":1,"featured_media":0,"parent":0,"menu_order":0,"comment_status":"closed","ping_status":"closed","template":"","meta":{"footnotes":""},"class_list":["post-1179","page","type-page","status-publish","hentry"],"_links":{"self":[{"href":"https:\/\/www.pea600.com\/index.php?rest_route=\/wp\/v2\/pages\/1179","targetHints":{"allow":["GET"]}}],"collection":[{"href":"https:\/\/www.pea600.com\/index.php?rest_route=\/wp\/v2\/pages"}],"about":[{"href":"https:\/\/www.pea600.com\/index.php?rest_route=\/wp\/v2\/types\/page"}],"author":[{"embeddable":true,"href":"https:\/\/www.pea600.com\/index.php?rest_route=\/wp\/v2\/users\/1"}],"replies":[{"embeddable":true,"href":"https:\/\/www.pea600.com\/index.php?rest_route=%2Fwp%2Fv2%2Fcomments&post=1179"}],"version-history":[{"count":4,"href":"https:\/\/www.pea600.com\/index.php?rest_route=\/wp\/v2\/pages\/1179\/revisions"}],"predecessor-version":[{"id":1184,"href":"https:\/\/www.pea600.com\/index.php?rest_route=\/wp\/v2\/pages\/1179\/revisions\/1184"}],"wp:attachment":[{"href":"https:\/\/www.pea600.com\/index.php?rest_route=%2Fwp%2Fv2%2Fmedia&parent=1179"}],"curies":[{"name":"wp","href":"https:\/\/api.w.org\/{rel}","templated":true}]}}